{"id":64,"date":"2018-08-08T21:33:50","date_gmt":"2018-08-08T19:33:50","guid":{"rendered":"http:\/\/psychomotricienne-laura-simonin.fr\/?page_id=64"},"modified":"2021-10-06T15:15:06","modified_gmt":"2021-10-06T13:15:06","slug":"comment","status":"publish","type":"page","link":"https:\/\/psychomotricienne-laura-simonin.fr\/?page_id=64","title":{"rendered":"Comment ?"},"content":{"rendered":"<p><strong><span style=\"font-family: comic sans ms, sans-serif; font-size: 14pt;\">PREMIER ENTRETIEN : <\/span><\/strong><\/p>\n<p>Premi\u00e8re rencontre avec le patient et son entourage afin de pr\u00e9ciser l&#8217;intervention en psychomotricit\u00e9.<\/p>\n<p><span style=\"font-size: 14pt; font-family: comic sans ms, sans-serif;\"><strong>BILAN :<\/strong><\/span><\/p>\n<p>R\u00e9alisation de tests psychomoteurs afin d&#8217;\u00e9valuer les fonctions psychomotrices\u00a0du patient et d\u2019\u00e9tablir un projet th\u00e9rapeutique (objectifs et modalit\u00e9s de prise en charge). Chaque bilan fera l&#8217;objet d&#8217;une restitution orale et d&#8217;un compte rendu \u00e9crit.<\/p>\n<p><span style=\"font-family: comic sans ms, sans-serif; font-size: 14pt;\"><strong>PRISE EN CHARGE :<\/strong><\/span><\/p>\n<p>En fonction des besoins, une prise en charge en psychomotricit\u00e9 pourra \u00eatre propos\u00e9e. Au cours des s\u00e9ances, diff\u00e9rentes m\u00e9diations seront utilis\u00e9es telles que le jeu, la musique, la danse, les activit\u00e9s manuelles, la relaxation, la m\u00e9diation par l\u2019animal etc.<\/p>\n<p>&nbsp;<\/p>\n<p><strong><span style=\"font-family: comic sans ms, sans-serif; font-size: 14pt;\">REMBOURSEMENTS :<\/span><\/strong><\/p>\n<p>Les s\u00e9ances de psychomotricit\u00e9 ne sont pas rembours\u00e9es par la s\u00e9curit\u00e9 sociale sauf sur demande exceptionnelle (formulaire \u00e0 remplir aupr\u00e8s de la <strong>CPAM<\/strong>). La <strong>MDPH <\/strong>(en cas de reconnaissance d&#8217;un handicap) et certaines <strong>mutuelles <\/strong>peuvent prendre en charge tout ou partie des frais engag\u00e9s.<\/p>\n","protected":false},"excerpt":{"rendered":"<p>PREMIER ENTRETIEN : Premi\u00e8re rencontre avec le patient et son entourage afin de pr\u00e9ciser l&#8217;intervention en psychomotricit\u00e9. BILAN : R\u00e9alisation de tests psychomoteurs afin d&#8217;\u00e9valuer les fonctions psychomotrices\u00a0du patient et d\u2019\u00e9tablir un projet th\u00e9rapeutique (objectifs et modalit\u00e9s de prise en charge). Chaque bilan fera l&#8217;objet d&#8217;une restitution orale et d&#8217;un compte rendu \u00e9crit. PRISE EN &hellip; <\/p>\n<p class=\"link-more\"><a href=\"https:\/\/psychomotricienne-laura-simonin.fr\/?page_id=64\" class=\"more-link\">Continue reading<span class=\"screen-reader-text\"> &#8220;Comment ?&#8221;<\/span><\/a><\/p>\n","protected":false},"author":1,"featured_media":172,"parent":0,"menu_order":0,"comment_status":"closed","ping_status":"closed","template":"","meta":{"footnotes":""},"_links":{"self":[{"href":"https:\/\/psychomotricienne-laura-simonin.fr\/index.php?rest_route=\/wp\/v2\/pages\/64"}],"collection":[{"href":"https:\/\/psychomotricienne-laura-simonin.fr\/index.php?rest_route=\/wp\/v2\/pages"}],"about":[{"href":"https:\/\/psychomotricienne-laura-simonin.fr\/index.php?rest_route=\/wp\/v2\/types\/page"}],"author":[{"embeddable":true,"href":"https:\/\/psychomotricienne-laura-simonin.fr\/index.php?rest_route=\/wp\/v2\/users\/1"}],"replies":[{"embeddable":true,"href":"https:\/\/psychomotricienne-laura-simonin.fr\/index.php?rest_route=%2Fwp%2Fv2%2Fcomments&post=64"}],"version-history":[{"count":9,"href":"https:\/\/psychomotricienne-laura-simonin.fr\/index.php?rest_route=\/wp\/v2\/pages\/64\/revisions"}],"predecessor-version":[{"id":133,"href":"https:\/\/psychomotricienne-laura-simonin.fr\/index.php?rest_route=\/wp\/v2\/pages\/64\/revisions\/133"}],"wp:featuredmedia":[{"embeddable":true,"href":"https:\/\/psychomotricienne-laura-simonin.fr\/index.php?rest_route=\/wp\/v2\/media\/172"}],"wp:attachment":[{"href":"https:\/\/psychomotricienne-laura-simonin.fr\/index.php?rest_route=%2Fwp%2Fv2%2Fmedia&parent=64"}],"curies":[{"name":"wp","href":"https:\/\/api.w.org\/{rel}","templated":true}]}}