{"id":33,"date":"2018-08-08T18:36:26","date_gmt":"2018-08-08T16:36:26","guid":{"rendered":"http:\/\/psychomotricienne-laura-simonin.fr\/?page_id=33"},"modified":"2023-04-30T21:25:47","modified_gmt":"2023-04-30T19:25:47","slug":"psychomotricite-2","status":"publish","type":"page","link":"https:\/\/psychomotricienne-laura-simonin.fr\/?page_id=33","title":{"rendered":"Psychomotricit\u00e9"},"content":{"rendered":"<p><span style=\"font-size: 14pt;\"><span style=\"font-size: 12pt;\">La <strong>psychomotricit\u00e9<\/strong><\/span><\/span> est une approche corporelle globale tenant compte du psychisme et de la motricit\u00e9 de l&#8217;individu. La\u00a0prise en charge en psychomotricit\u00e9 s&#8217;inscrit dans une d\u00e9marche de d\u00e9pistage, de pr\u00e9vention, de diagnostic, et de soins.<\/p>\n<p><span style=\"font-size: 14pt;\"><span style=\"font-size: 12pt;\">Le\u00a0 <strong>psychomotricien<\/strong><\/span><\/span> est un professionnel de sant\u00e9 param\u00e9dical, dipl\u00f4m\u00e9 d\u2019\u00e9tat, qui intervient uniquement sur <strong>prescription m\u00e9dicale<\/strong>. Il exerce en \u00e9troite collaboration avec l&#8217;environnement m\u00e9dical, param\u00e9dical, familial et aussi scolaire pour les enfants.<\/p>\n<p><strong>L&#8217;objectif du psychomotricien<\/strong> est de\u00a0r\u00e9duire les troubles moteurs du patient\u00a0mais \u00e9galement de\u00a0l&#8217;aider \u00e0 retrouver une relation harmonieuse avec son corps dans son environnement.<\/p>\n<p><strong>Notre cabinet de psychomotricit\u00e9 accueille des enfants de tous \u00e2ges et des personnes \u00e2g\u00e9es<\/strong> pr\u00e9sentant des difficult\u00e9s dans leurs fonctions psychomotrices\u00a0(motricit\u00e9 globale et fine, lat\u00e9ralit\u00e9, conscience du corps, rep\u00e9rage spatio-temporel, tonicit\u00e9).<\/p>\n","protected":false},"excerpt":{"rendered":"<p>La psychomotricit\u00e9 est une approche corporelle globale tenant compte du psychisme et de la motricit\u00e9 de l&#8217;individu. La\u00a0prise en charge en psychomotricit\u00e9 s&#8217;inscrit dans une d\u00e9marche de d\u00e9pistage, de pr\u00e9vention, de diagnostic, et de soins. Le\u00a0 psychomotricien est un professionnel de sant\u00e9 param\u00e9dical, dipl\u00f4m\u00e9 d\u2019\u00e9tat, qui intervient uniquement sur prescription m\u00e9dicale. Il exerce en \u00e9troite &hellip; <\/p>\n<p class=\"link-more\"><a href=\"https:\/\/psychomotricienne-laura-simonin.fr\/?page_id=33\" class=\"more-link\">Continue reading<span class=\"screen-reader-text\"> &#8220;Psychomotricit\u00e9&#8221;<\/span><\/a><\/p>\n","protected":false},"author":1,"featured_media":171,"parent":0,"menu_order":0,"comment_status":"closed","ping_status":"closed","template":"","meta":{"footnotes":""},"_links":{"self":[{"href":"https:\/\/psychomotricienne-laura-simonin.fr\/index.php?rest_route=\/wp\/v2\/pages\/33"}],"collection":[{"href":"https:\/\/psychomotricienne-laura-simonin.fr\/index.php?rest_route=\/wp\/v2\/pages"}],"about":[{"href":"https:\/\/psychomotricienne-laura-simonin.fr\/index.php?rest_route=\/wp\/v2\/types\/page"}],"author":[{"embeddable":true,"href":"https:\/\/psychomotricienne-laura-simonin.fr\/index.php?rest_route=\/wp\/v2\/users\/1"}],"replies":[{"embeddable":true,"href":"https:\/\/psychomotricienne-laura-simonin.fr\/index.php?rest_route=%2Fwp%2Fv2%2Fcomments&post=33"}],"version-history":[{"count":13,"href":"https:\/\/psychomotricienne-laura-simonin.fr\/index.php?rest_route=\/wp\/v2\/pages\/33\/revisions"}],"predecessor-version":[{"id":181,"href":"https:\/\/psychomotricienne-laura-simonin.fr\/index.php?rest_route=\/wp\/v2\/pages\/33\/revisions\/181"}],"wp:featuredmedia":[{"embeddable":true,"href":"https:\/\/psychomotricienne-laura-simonin.fr\/index.php?rest_route=\/wp\/v2\/media\/171"}],"wp:attachment":[{"href":"https:\/\/psychomotricienne-laura-simonin.fr\/index.php?rest_route=%2Fwp%2Fv2%2Fmedia&parent=33"}],"curies":[{"name":"wp","href":"https:\/\/api.w.org\/{rel}","templated":true}]}}